{"id":162,"date":"2015-02-02T14:05:47","date_gmt":"2015-02-02T14:05:47","guid":{"rendered":"https:\/\/www.bonsai-art-museum.jp\/?page_id=162"},"modified":"2026-03-04T13:55:06","modified_gmt":"2026-03-04T04:55:06","slug":"gallery","status":"publish","type":"page","link":"https:\/\/www.bonsai-art-museum.jp\/en\/facilities\/service\/gallery\/","title":{"rendered":"Collection Gallery"},"content":{"rendered":"<p><\/p>\n<h1>Facilities<\/h1>\n<article>\n<section class=\"box\">\n<h2 id=\"gallery\">Collection Gallery<\/h2>\n<p><img decoding=\"async\" src=\"https:\/\/www.bonsai-art-museum.jp\/wp-content\/themes\/bonsai2023_2\/img_en\/facilities\/gallery_01.jpg\" width=\"100%\" alt=\"Collection gallery\" \/><\/p>\n<p class=\"mb20\"><img decoding=\"async\" src=\"https:\/\/www.bonsai-art-museum.jp\/wp-content\/themes\/bonsai2023_2\/img_en\/facilities\/gallery_02.jpg\" width=\"100%\" alt=\"Collection gallery\" \/><\/p>\n<p>The Collection Gallery is composed of three sections: the Prologue Area, the Main Gallery, and the Zashiki-kazari Area (bonsai displays in traditional Japanese Rooms). The Prologue Area has panels that introduce parts of our collection, such as bonki (bonsai pots), suiseki (decorative water stones), pictures, and both historical and folkloric materials.<br \/>\nAdditionally, there are panels that explain how to properly appreciate bonsai.The Prologue Area connects to the Main Gallery and the Zashiki-kazari Area where bonsai are displayed. Every week, five bonsai suited to the season are exhibited in the Main Gallery and three are exhibited in the Zashiki-kazari Area.<\/p>\n<\/section>\n<section class=\"zashiki\">\n<h2>Zashiki-kazari<\/h2>\n<p class=\"mb30\">During the Muromachi period (1336AD-1573AD), basic styles were established for interior decorations such as hanging scrolls and other art pieces.<br \/>\nIn the Edo period (1603AD-1863), rooms were divided according to the ranking of their social functions into the <em>shin<\/em>, <em>gy\u014d <\/em>and <em>s\u014d<\/em> styles. Practices regarding how to decorate developed for each room.<br \/>\nZashiki-kazari have since played an important role as a space to entertain guests.<\/p>\n<dl class=\"left\">\n<dt><img decoding=\"async\" src=\"https:\/\/www.bonsai-art-museum.jp\/wp-content\/themes\/bonsai2023_2\/img_en\/facilities\/gallery_03.jpg\" alt=\"\" \/><\/dt>\n<dd>\n<p class=\"title\">The Shin Style Room<\/p>\n<p>The shin room is the most prestigious style of <em>zashiki <\/em>(a traditional Japanese room with tatami flooring). The alcove pillar, or <em>toko-bashira<\/em>, is made of straight-grained Japanese cedar, while the bottom rail, or <em>shimo-gamachi<\/em>, is coated with black Japanese lacquer. Suited to seat a person of high social standing, there are formalities in the arrangements of these rooms. For example, the tatami mats placed in the alcove, or tokonoma, will have decorative bindings on their edges in a consecutive pattern called <em>k\u014drai-beri<\/em>. Beneath the shelf in the side alcove, called the <em>tokowaki-dana<\/em>, various items, such as suiseki stones and incense burners, are displayed. Elegant bonsai are most appropriate for display in this style of room.<\/p>\n<\/dd>\n<\/dl>\n<dl class=\"left\">\n<dt><img decoding=\"async\" src=\"https:\/\/www.bonsai-art-museum.jp\/wp-content\/themes\/bonsai2023_2\/img_en\/facilities\/gallery_04.jpg\" alt=\"\" \/><\/dt>\n<dd>\n<p class=\"title\">The Gy\u014d Style Room<\/p>\n<p>The three styles of shin, s\u014d, and gy\u014d  find their origins in the three traditional styles of Chinese calligraphy. Compared to the strict shin style, the s\u014d style is free and full of movement, while the gy\u014d style falls between these two. <br \/>\nMost zashiki Japanese rooms made in the modern period are in the gyo style. Bonsai with curved trunks and flowering bonsai are suited to be displayed in this style of room.\n<\/p>\n<\/dd>\n<\/dl>\n<dl class=\"left\">\n<dt><img decoding=\"async\" src=\"https:\/\/www.bonsai-art-museum.jp\/wp-content\/themes\/bonsai2023_2\/img_en\/facilities\/gallery_05.jpg\" alt=\"\" \/><\/dt>\n<dd>\n<p class=\"title\">The S\u014d Style Room<\/p>\n<p>The s\u014d style room was designed mostly for use as a tearoom. Using different types of wood for the pillars and frames, the room is filled with variety to reduce feelings of confinement despite only having a limited space. The smaller tatami mat, called a <em>daime-datami<\/em>, on the left side of the alcove is a place to prepare tea. Bonsai with a dynamic feel such as literati style bonsai are well suited to be displayed in this room.<\/p>\n<\/dd>\n<\/dl>\n<\/section>\n<\/article>\n<p><\/p>","protected":false},"excerpt":{"rendered":"<p>Facilities Collection Gallery The Collection Gallery is composed of three sections: the Prologue Area, the Mai [&hellip;]<\/p>\n","protected":false},"author":1,"featured_media":0,"parent":136,"menu_order":0,"comment_status":"closed","ping_status":"closed","template":"","meta":{"footnotes":""},"class_list":["post-162","page","type-page","status-publish","hentry"],"acf":[],"_links":{"self":[{"href":"https:\/\/www.bonsai-art-museum.jp\/en\/wp-json\/wp\/v2\/pages\/162","targetHints":{"allow":["GET"]}}],"collection":[{"href":"https:\/\/www.bonsai-art-museum.jp\/en\/wp-json\/wp\/v2\/pages"}],"about":[{"href":"https:\/\/www.bonsai-art-museum.jp\/en\/wp-json\/wp\/v2\/types\/page"}],"author":[{"embeddable":true,"href":"https:\/\/www.bonsai-art-museum.jp\/en\/wp-json\/wp\/v2\/users\/1"}],"replies":[{"embeddable":true,"href":"https:\/\/www.bonsai-art-museum.jp\/en\/wp-json\/wp\/v2\/comments?post=162"}],"version-history":[{"count":21,"href":"https:\/\/www.bonsai-art-museum.jp\/en\/wp-json\/wp\/v2\/pages\/162\/revisions"}],"predecessor-version":[{"id":11564,"href":"https:\/\/www.bonsai-art-museum.jp\/en\/wp-json\/wp\/v2\/pages\/162\/revisions\/11564"}],"up":[{"embeddable":true,"href":"https:\/\/www.bonsai-art-museum.jp\/en\/wp-json\/wp\/v2\/pages\/136"}],"wp:attachment":[{"href":"https:\/\/www.bonsai-art-museum.jp\/en\/wp-json\/wp\/v2\/media?parent=162"}],"curies":[{"name":"wp","href":"https:\/\/api.w.org\/{rel}","templated":true}]}}